{"id":136672,"date":"2013-07-26T10:08:06","date_gmt":"2013-07-26T08:08:06","guid":{"rendered":"http:\/\/home.ssc-rursee.de\/?page_id=136672"},"modified":"2018-05-19T20:44:53","modified_gmt":"2018-05-19T18:44:53","slug":"unsere-adresse-am-see","status":"publish","type":"page","link":"https:\/\/home.ssc-rursee.de\/?page_id=136672","title":{"rendered":"Unsere Adresse am See"},"content":{"rendered":"<p><b>Schwammenauel\/B\u00fcdenbach 52396 Heimbach<\/b><iframe loading=\"lazy\" src=\"https:\/\/maps.google.de\/maps?f=d&amp;source=s_d&amp;saddr=&amp;daddr=50.634043,6.443074&amp;hl=de&amp;geocode=&amp;sll=50.632845,6.443696&amp;sspn=0.010888,0.019183&amp;mra=mift&amp;mrsp=1&amp;sz=16&amp;ie=UTF8&amp;t=m&amp;ll=50.632695,6.443825&amp;spn=0.008166,0.017166&amp;z=16&amp;output=embed\" width=\"650\" height=\"600\" frameborder=\"0\" marginwidth=\"0\" marginheight=\"0\" scrolling=\"no\"><\/iframe><br \/>\n<small><a style=\"color: #0000ff; text-align: left;\" href=\"https:\/\/maps.google.de\/maps?f=d&amp;source=embed&amp;saddr=&amp;daddr=50.634043,6.443074&amp;hl=de&amp;geocode=&amp;sll=50.632845,6.443696&amp;sspn=0.010888,0.019183&amp;mra=mift&amp;mrsp=1&amp;sz=16&amp;ie=UTF8&amp;t=m&amp;ll=50.632695,6.443825&amp;spn=0.008166,0.017166&amp;z=16\">Gr\u00f6\u00dfere Kartenansicht<\/a><\/small><\/p>\n<p>Unsere Koordinaten: 50\u00b038.044&#8242; N &#8211; 6\u00b026.593&#8242; O oder\u00a050.634043 N &#8211; 6.443074 O<\/p>\n\n","protected":false},"excerpt":{"rendered":"<p>Schwammenauel\/B\u00fcdenbach 52396 Heimbach Gr\u00f6\u00dfere Kartenansicht Unsere Koordinaten: 50\u00b038.044&#8242; N &#8211; 6\u00b026.593&#8242; O oder\u00a050.634043 N &#8211; 6.443074 O<\/p>\n","protected":false},"author":1,"featured_media":0,"parent":0,"menu_order":0,"comment_status":"closed","ping_status":"open","template":"","meta":{"footnotes":""},"class_list":["post-136672","page","type-page","status-publish","hentry"],"_links":{"self":[{"href":"https:\/\/home.ssc-rursee.de\/index.php?rest_route=\/wp\/v2\/pages\/136672","targetHints":{"allow":["GET"]}}],"collection":[{"href":"https:\/\/home.ssc-rursee.de\/index.php?rest_route=\/wp\/v2\/pages"}],"about":[{"href":"https:\/\/home.ssc-rursee.de\/index.php?rest_route=\/wp\/v2\/types\/page"}],"author":[{"embeddable":true,"href":"https:\/\/home.ssc-rursee.de\/index.php?rest_route=\/wp\/v2\/users\/1"}],"replies":[{"embeddable":true,"href":"https:\/\/home.ssc-rursee.de\/index.php?rest_route=%2Fwp%2Fv2%2Fcomments&post=136672"}],"version-history":[{"count":16,"href":"https:\/\/home.ssc-rursee.de\/index.php?rest_route=\/wp\/v2\/pages\/136672\/revisions"}],"predecessor-version":[{"id":831572,"href":"https:\/\/home.ssc-rursee.de\/index.php?rest_route=\/wp\/v2\/pages\/136672\/revisions\/831572"}],"wp:attachment":[{"href":"https:\/\/home.ssc-rursee.de\/index.php?rest_route=%2Fwp%2Fv2%2Fmedia&parent=136672"}],"curies":[{"name":"wp","href":"https:\/\/api.w.org\/{rel}","templated":true}]}}