{"id":27,"date":"2013-03-26T20:18:57","date_gmt":"2013-03-26T20:18:57","guid":{"rendered":"http:\/\/home.ssc-rursee.de\/?page_id=27"},"modified":"2020-08-15T17:37:21","modified_gmt":"2020-08-15T15:37:21","slug":"jugend","status":"publish","type":"page","link":"https:\/\/home.ssc-rursee.de\/?page_id=27","title":{"rendered":"Jugend"},"content":{"rendered":"<p><span style=\"color: #464648;\"><span style=\"font-family: Georgia;\"><span style=\"font-size: large;\">Die Jugendabteilung des SSC besteht zur Zeit aus ca. 40 Jugendlichen und dem Jugenwartteam aus Heike Eichinger, Patrick Motz und Jakob Raffel.\u00a0 Das Team organisiert in der Saison f\u00fcr die Kinder und Jugendlichen zahlreiche Trainingsveranstaltungen, f\u00fcr die der Club zur Zeit acht Optimisten und vier Piraten zur Verf\u00fcgung stellt.<\/span><\/span><\/span><\/p>\n<p><span style=\"font-family: Georgia;\"><span style=\"font-size: large;\">Das Erlernte k\u00f6nnen die Jugendlichen bei der j\u00e4hrlichen Jugend-Clubmeisterschaft, einer offenen Jugendregatta (der &#8222;Rund 9&#8220;) und der Jugendreviermeisterschaft, im Wettkampf einsetzen.<\/span><\/span><\/p>\n<p><a href=\"https:\/\/home.ssc-rursee.de\/wp-content\/uploads\/2014\/01\/2013-09-14-SSC-Jugendmeisterschaft_0006.jpg\"><img loading=\"lazy\" decoding=\"async\" class=\"aligncenter size-full wp-image-495383\" src=\"https:\/\/home.ssc-rursee.de\/wp-content\/uploads\/2014\/01\/2013-09-14-SSC-Jugendmeisterschaft_0006.jpg\" alt=\"2013-09-14 SSC Jugendmeisterschaft_0006\" width=\"816\" height=\"612\" srcset=\"https:\/\/home.ssc-rursee.de\/wp-content\/uploads\/2014\/01\/2013-09-14-SSC-Jugendmeisterschaft_0006.jpg 816w, https:\/\/home.ssc-rursee.de\/wp-content\/uploads\/2014\/01\/2013-09-14-SSC-Jugendmeisterschaft_0006-300x225.jpg 300w\" sizes=\"auto, (max-width: 816px) 100vw, 816px\" \/><\/a><\/p>\n<p><a href=\"https:\/\/home.ssc-rursee.de\/wp-content\/uploads\/2014\/01\/2013-09-14-SSC-Jugendmeisterschaft_0040.jpg\"><img loading=\"lazy\" decoding=\"async\" class=\"aligncenter size-full wp-image-495266\" src=\"https:\/\/home.ssc-rursee.de\/wp-content\/uploads\/2014\/01\/2013-09-14-SSC-Jugendmeisterschaft_0040.jpg\" alt=\"2013-09-14 SSC Jugendmeisterschaft_0040\" width=\"816\" height=\"612\" srcset=\"https:\/\/home.ssc-rursee.de\/wp-content\/uploads\/2014\/01\/2013-09-14-SSC-Jugendmeisterschaft_0040.jpg 816w, https:\/\/home.ssc-rursee.de\/wp-content\/uploads\/2014\/01\/2013-09-14-SSC-Jugendmeisterschaft_0040-300x225.jpg 300w\" sizes=\"auto, (max-width: 816px) 100vw, 816px\" \/><\/a><\/p>\n<p><span style=\"color: #464648;\"><span style=\"font-family: Georgia;\"><span style=\"font-size: large;\">F\u00fcr die Kinder und Jugendlichen besteht dar\u00fcber hinaus die M\u00f6glichkeit, mit den Clubbooten, an dem j\u00e4hrlich stattfindenden Segelcamp des Aachener Bootsclubs teilzunehmen.<\/span><\/span><\/span><\/p>\n<p><a href=\"https:\/\/home.ssc-rursee.de\/wp-content\/uploads\/2013\/09\/abc9.jpg\"><img loading=\"lazy\" decoding=\"async\" class=\"aligncenter size-full wp-image-215095\" src=\"https:\/\/home.ssc-rursee.de\/wp-content\/uploads\/2013\/09\/abc9.jpg\" alt=\"abc9\" width=\"1024\" height=\"685\" srcset=\"https:\/\/home.ssc-rursee.de\/wp-content\/uploads\/2013\/09\/abc9.jpg 1024w, https:\/\/home.ssc-rursee.de\/wp-content\/uploads\/2013\/09\/abc9-300x200.jpg 300w\" sizes=\"auto, (max-width: 1024px) 100vw, 1024px\" \/><\/a><\/p>\n<p>&nbsp;<\/p>\n<p><span style=\"color: #464648;\"><span style=\"font-family: Georgia;\"><span style=\"font-size: large;\">Aber auch au\u00dferhalb der aktiven Segelsaison, trifft sich die Jugendabteilung f\u00fcr Freizeitaktivit\u00e4ten.\u00a0<\/span><\/span><\/span><\/p>\n<p><a href=\"https:\/\/home.ssc-rursee.de\/wp-content\/uploads\/2014\/01\/2012-09-09-Rursee_0006.jpg\"><img loading=\"lazy\" decoding=\"async\" class=\"aligncenter size-full wp-image-495263\" src=\"https:\/\/home.ssc-rursee.de\/wp-content\/uploads\/2014\/01\/2012-09-09-Rursee_0006.jpg\" alt=\"2012-09-09 Rursee_0006\" width=\"816\" height=\"612\" srcset=\"https:\/\/home.ssc-rursee.de\/wp-content\/uploads\/2014\/01\/2012-09-09-Rursee_0006.jpg 816w, https:\/\/home.ssc-rursee.de\/wp-content\/uploads\/2014\/01\/2012-09-09-Rursee_0006-300x225.jpg 300w\" sizes=\"auto, (max-width: 816px) 100vw, 816px\" \/><\/a><\/p>\n\n","protected":false},"excerpt":{"rendered":"<p>Die Jugendabteilung des SSC besteht zur Zeit aus ca. 40 Jugendlichen und dem Jugenwartteam aus Heike Eichinger, Patrick Motz und Jakob Raffel.\u00a0 Das Team organisiert in der Saison f\u00fcr die Kinder und Jugendlichen zahlreiche Trainingsveranstaltungen, f\u00fcr die der Club zur &hellip; <a href=\"https:\/\/home.ssc-rursee.de\/?page_id=27\">Weiterlesen <span class=\"meta-nav\">&rarr;<\/span><\/a><\/p>\n","protected":false},"author":1,"featured_media":0,"parent":0,"menu_order":0,"comment_status":"closed","ping_status":"open","template":"","meta":{"footnotes":""},"class_list":["post-27","page","type-page","status-publish","hentry"],"_links":{"self":[{"href":"https:\/\/home.ssc-rursee.de\/index.php?rest_route=\/wp\/v2\/pages\/27","targetHints":{"allow":["GET"]}}],"collection":[{"href":"https:\/\/home.ssc-rursee.de\/index.php?rest_route=\/wp\/v2\/pages"}],"about":[{"href":"https:\/\/home.ssc-rursee.de\/index.php?rest_route=\/wp\/v2\/types\/page"}],"author":[{"embeddable":true,"href":"https:\/\/home.ssc-rursee.de\/index.php?rest_route=\/wp\/v2\/users\/1"}],"replies":[{"embeddable":true,"href":"https:\/\/home.ssc-rursee.de\/index.php?rest_route=%2Fwp%2Fv2%2Fcomments&post=27"}],"version-history":[{"count":30,"href":"https:\/\/home.ssc-rursee.de\/index.php?rest_route=\/wp\/v2\/pages\/27\/revisions"}],"predecessor-version":[{"id":833737,"href":"https:\/\/home.ssc-rursee.de\/index.php?rest_route=\/wp\/v2\/pages\/27\/revisions\/833737"}],"wp:attachment":[{"href":"https:\/\/home.ssc-rursee.de\/index.php?rest_route=%2Fwp%2Fv2%2Fmedia&parent=27"}],"curies":[{"name":"wp","href":"https:\/\/api.w.org\/{rel}","templated":true}]}}