{"id":28,"date":"2013-03-26T20:20:52","date_gmt":"2013-03-26T20:20:52","guid":{"rendered":"http:\/\/home.ssc-rursee.de\/?page_id=28"},"modified":"2025-07-07T21:38:04","modified_gmt":"2025-07-07T19:38:04","slug":"vorstand","status":"publish","type":"page","link":"https:\/\/home.ssc-rursee.de\/?page_id=28","title":{"rendered":"Vorstand"},"content":{"rendered":"<p>&nbsp;<\/p>\n<table width=\"463\" cellspacing=\"0\" cellpadding=\"0\" bgcolor=\"#ffffff\">\n<tbody>\n<tr bgcolor=\"#e7e7e7\">\n<td width=\"330\" height=\"32\">1. Vorsitzender: Claus Eichinger<br \/>\nE-Mail-Kontakt: vorsitzender (\u00e4t) ssc-rursee.de<\/td>\n<td width=\"130\">&nbsp;<\/p>\n<p><a href=\"https:\/\/home.ssc-rursee.de\/wp-content\/uploads\/2013\/11\/cl-e1384016377301.jpg\"><img loading=\"lazy\" decoding=\"async\" class=\"aligncenter size-full wp-image-334046\" src=\"https:\/\/home.ssc-rursee.de\/wp-content\/uploads\/2013\/11\/cl-e1384016377301.jpg\" alt=\"\" width=\"113\" height=\"150\"><\/a><\/td>\n<\/tr>\n<\/tbody>\n<\/table>\n<hr>\n<table width=\"463\" cellspacing=\"0\" cellpadding=\"0\" bgcolor=\"#ffffff\">\n<tbody>\n<tr bgcolor=\"#e7e7e7\">\n<td width=\"330\" height=\"32\">2. Vorsitzender: Hubertus von Abercron<br \/>\nE-Mail-Kontakt: vorsitzender2 (\u00e4t) ssc-rursee.de<\/td>\n<td width=\"130\">&nbsp;<\/p>\n<p><a href=\"https:\/\/home.ssc-rursee.de\/wp-content\/uploads\/2019\/08\/hva.png\"><img loading=\"lazy\" decoding=\"async\" class=\"alignnone wp-image-833523 size-full aligncenter\" src=\"https:\/\/home.ssc-rursee.de\/wp-content\/uploads\/2019\/08\/hva.png\" alt=\"\" width=\"113\" height=\"153\"><\/a><\/td>\n<\/tr>\n<\/tbody>\n<\/table>\n<hr>\n<table width=\"463\" cellspacing=\"0\" cellpadding=\"0\" bgcolor=\"#ffffff\">\n<tbody>\n<tr bgcolor=\"#e7e7e7\">\n<td width=\"330\" height=\"32\">Gesch\u00e4ftsf\u00fchrer: Norbert B\u00f6ll<br \/>\nE-Mail-Kontakt: geschaeftsstelle (\u00e4t) ssc-rursee.de<\/td>\n<td width=\"130\">&nbsp;<\/td>\n<\/tr>\n<\/tbody>\n<\/table>\n<hr>\n<table width=\"463\" cellspacing=\"0\" cellpadding=\"0\" bgcolor=\"#ffffff\">\n<tbody>\n<tr bgcolor=\"#e7e7e7\">\n<td width=\"330\" height=\"32\">Kassenwart:&nbsp;Werner F\u00f6rst<br \/>\nE-Mail-Kontakt: kassenwart (\u00e4t) ssc-rursee.de<\/td>\n<td width=\"130\"><a href=\"https:\/\/home.ssc-rursee.de\/wp-content\/uploads\/2019\/05\/wf.jpg\"><br \/>\n<img loading=\"lazy\" decoding=\"async\" class=\"aligncenter size-full wp-image-833491\" src=\"https:\/\/home.ssc-rursee.de\/wp-content\/uploads\/2019\/05\/wf.jpg\" alt=\"\" width=\"116\" height=\"150\"><\/a><\/td>\n<\/tr>\n<\/tbody>\n<\/table>\n<hr>\n<table width=\"640\" cellspacing=\"0\" cellpadding=\"0\" bgcolor=\"#ffffff\">\n<tbody>\n<tr bgcolor=\"#e7e7e7\">\n<td width=\"330\" height=\"32\">Jugendwartin: Heike Wolf<br \/>\nE-Mail-Kontakt: jugendwart (\u00e4t) ssc-rursee.de<\/td>\n<td width=\"130\">&nbsp;<\/td>\n<\/tr>\n<\/tbody>\n<\/table>\n<hr>\n<table width=\"463\" cellspacing=\"0\" cellpadding=\"0\" bgcolor=\"#ffffff\">\n<tbody>\n<tr bgcolor=\"#e7e7e7\">\n<td width=\"330\" height=\"32\">Stegwart: Wolfgang Schmidt<br \/>\nE-Mail-Kontakt: stegwart (\u00e4t) ssc-rursee.de<\/td>\n<td width=\"130\">&nbsp;<\/td>\n<\/tr>\n<\/tbody>\n<\/table>\n<hr>\n<table width=\"463\" cellspacing=\"0\" cellpadding=\"0\" bgcolor=\"#ffffff\">\n<tbody>\n<tr bgcolor=\"#e7e7e7\">\n<td width=\"330\" height=\"32\">Sozialwartin u. Protokollf\u00fchrerin: Hannah Kuhl<br \/>\nE-Mail-Kontakt: sozialwart (\u00e4t) ssc-rursee.de<\/td>\n<td width=\"130\">&nbsp;<\/td>\n<\/tr>\n<\/tbody>\n<\/table>\n<hr>\n<table width=\"463\" cellspacing=\"0\" cellpadding=\"0\" bgcolor=\"#ffffff\">\n<tbody>\n<tr bgcolor=\"#e7e7e7\">\n<td width=\"330\" height=\"32\">Regattawart: N. N.<br \/>\nE-Mail-Kontakt: regattawart (\u00e4t) ssc-rursee.de<\/td>\n<td width=\"130\">&nbsp;<\/td>\n<\/tr>\n<\/tbody>\n<\/table>\n<hr>\n<table width=\"463\" cellspacing=\"0\" cellpadding=\"0\" bgcolor=\"#ffffff\">\n<tbody>\n<tr bgcolor=\"#e7e7e7\">\n<td width=\"330\" height=\"32\">Fahrtenwartin:&nbsp;Susanne Ramrath<br \/>\nE-Mail-Kontakt: fahrtenwart (\u00e4t) ssc-rursee.de<\/td>\n<td width=\"130\"><a href=\"https:\/\/home.ssc-rursee.de\/wp-content\/uploads\/2024\/07\/SR.jpg\"><img loading=\"lazy\" decoding=\"async\" class=\"alignnone wp-image-834255 size-full aligncenter\" src=\"https:\/\/home.ssc-rursee.de\/wp-content\/uploads\/2024\/07\/SR.jpg\" alt=\"\" width=\"116\" height=\"150\"><\/a><\/td>\n<\/tr>\n<\/tbody>\n<\/table>\n\n","protected":false},"excerpt":{"rendered":"<p>&nbsp; 1. Vorsitzender: Claus Eichinger E-Mail-Kontakt: vorsitzender (\u00e4t) ssc-rursee.de &nbsp; 2. Vorsitzender: Hubertus von Abercron E-Mail-Kontakt: vorsitzender2 (\u00e4t) ssc-rursee.de &nbsp; Gesch\u00e4ftsf\u00fchrer: Norbert B\u00f6ll E-Mail-Kontakt: geschaeftsstelle (\u00e4t) ssc-rursee.de &nbsp; Kassenwart:&nbsp;Werner F\u00f6rst E-Mail-Kontakt: kassenwart (\u00e4t) ssc-rursee.de Jugendwartin: Heike Wolf E-Mail-Kontakt: jugendwart (\u00e4t) &hellip; <a href=\"https:\/\/home.ssc-rursee.de\/?page_id=28\">Weiterlesen <span class=\"meta-nav\">&rarr;<\/span><\/a><\/p>\n","protected":false},"author":1,"featured_media":0,"parent":0,"menu_order":0,"comment_status":"closed","ping_status":"open","template":"","meta":{"footnotes":""},"class_list":["post-28","page","type-page","status-publish","hentry"],"_links":{"self":[{"href":"https:\/\/home.ssc-rursee.de\/index.php?rest_route=\/wp\/v2\/pages\/28","targetHints":{"allow":["GET"]}}],"collection":[{"href":"https:\/\/home.ssc-rursee.de\/index.php?rest_route=\/wp\/v2\/pages"}],"about":[{"href":"https:\/\/home.ssc-rursee.de\/index.php?rest_route=\/wp\/v2\/types\/page"}],"author":[{"embeddable":true,"href":"https:\/\/home.ssc-rursee.de\/index.php?rest_route=\/wp\/v2\/users\/1"}],"replies":[{"embeddable":true,"href":"https:\/\/home.ssc-rursee.de\/index.php?rest_route=%2Fwp%2Fv2%2Fcomments&post=28"}],"version-history":[{"count":84,"href":"https:\/\/home.ssc-rursee.de\/index.php?rest_route=\/wp\/v2\/pages\/28\/revisions"}],"predecessor-version":[{"id":834360,"href":"https:\/\/home.ssc-rursee.de\/index.php?rest_route=\/wp\/v2\/pages\/28\/revisions\/834360"}],"wp:attachment":[{"href":"https:\/\/home.ssc-rursee.de\/index.php?rest_route=%2Fwp%2Fv2%2Fmedia&parent=28"}],"curies":[{"name":"wp","href":"https:\/\/api.w.org\/{rel}","templated":true}]}}