{"id":325,"date":"2013-04-23T23:54:18","date_gmt":"2013-04-23T21:54:18","guid":{"rendered":"http:\/\/home.ssc-rursee.de\/?page_id=325"},"modified":"2025-03-01T17:59:28","modified_gmt":"2025-03-01T16:59:28","slug":"beitrage","status":"publish","type":"page","link":"https:\/\/home.ssc-rursee.de\/?page_id=325","title":{"rendered":"Mitgliedsbeitr\u00e4ge"},"content":{"rendered":"<table>\n<tbody>\n<tr>\n<td width=\"320\" height=\"32\">Einmalige Aufnahmegeb\u00fchr &#8222;F\u00f6rderndes Mitglied&#8220;:<\/td>\n<td style=\"text-align: right;\" width=\"80\">150,00 \u20ac<\/td>\n<\/tr>\n<tr>\n<td width=\"320\" height=\"32\">Jahresbeitrag &#8222;F\u00f6rderndes Mitglied&#8220; \/ &#8222;Vollmitglied&#8220;:<\/td>\n<td style=\"text-align: right;\" width=\"80\">70,00 \u20ac<\/td>\n<\/tr>\n<tr>\n<td width=\"320\" height=\"32\">Jahresbeitrag &#8222;Anschlu\u00dfmitglied&#8220;:<\/td>\n<td style=\"text-align: right;\" width=\"80\">35,00 \u20ac<\/td>\n<\/tr>\n<tr>\n<td width=\"320\" height=\"32\">Jahresbeitrag &#8222;Jugendmitglied&#8220;:<\/td>\n<td style=\"text-align: right;\" width=\"80\">20,00 \u20ac<\/td>\n<\/tr>\n<tr>\n<td width=\"320\" height=\"32\">Jahresbeitrag Saisonliegeplatz:<\/td>\n<td style=\"text-align: right;\" width=\"80\">160,00 \u20ac<\/td>\n<\/tr>\n<tr>\n<td width=\"320\" height=\"32\">Jahresbeitrag Parkplatz:<\/td>\n<td style=\"text-align: right;\" width=\"80\">10,00 \u20ac<\/td>\n<\/tr>\n<tr>\n<td width=\"300\" height=\"32\">Jahresbeitrag Slipanlage:<\/td>\n<td style=\"text-align: right;\" width=\"80\">20,00 \u20ac<\/td>\n<\/tr>\n<tr>\n<td width=\"320\" height=\"32\">Jahresbeitrag Clubregatta:<\/td>\n<td style=\"text-align: right;\" width=\"80\">10,00 \u20ac<\/td>\n<\/tr>\n<\/tbody>\n<\/table>\n<p><span style=\"font-size: medium;\">Die WVER-Saisonplaketten k\u00f6nnen \u00fcber die SSC-Sammelbestellung 40% g\u00fcnstiger erworben werden. (je nach Segelfl\u00e4che zwischen 30 und 144\u20ac).<\/span><\/p>\n<p>Je gemietetem Liegeplatz sind 10 Arbeitsstunden abzuleisten.<br \/>\nMit der Jahresbeitragsrechnung wird ein Pfand von 150,00 \u20ac erhoben und f\u00fcr jede geleistete Arbeitsstunde 15,00 \u20ac am Jahresende zur\u00fcckgezahlt.<\/p>\n<p><strong>Beitragsbeispiele:<\/strong><br \/>\nEine Familie (zwei Erwachsene, zwei Kinder) m\u00f6chten Mitglied im SSC werden.<br \/>\nIm ersten Jahr sind 455\u20ac* f\u00fcr Mitgliedsbeitr\u00e4ge und Saisonliegeplatz zu zahlen<br \/>\nAb dem zweiten Jahr 305\u20ac* \/ Jahr<\/p>\n<p>Eine Eignergemeinschaft von 2 Erwachsenen m\u00f6chte Mitglied im SSC werden.<br \/>\nEiner der Eigner wird als Anschlussmitglied angemeldet.<br \/>\nIm ersten Jahr sind 420\u20ac* f\u00fcr Mitgliedsbeitr\u00e4ge und Saisonliegeplatz zu zahlen<br \/>\nAb dem zweiten Jahr 270\u20ac* \/ Jahr<\/p>\n<p>Ein Einhandsegler m\u00f6chte Mitglied im SSC werden.<br \/>\nIm ersten Jahr sind 412,50 \u20ac* als&nbsp;Mitgliedsbeitr\u00e4ge zu zahlen.<br \/>\nAb dem zweiten Jahr 262,50 \u20ac* \/ Jahr.<\/p>\n<p>*zzgl. Bootsplakette und Arbeitspfand<\/p>\n<p>&nbsp;<\/p>\n\n","protected":false},"excerpt":{"rendered":"<p>Einmalige Aufnahmegeb\u00fchr &#8222;F\u00f6rderndes Mitglied&#8220;: 150,00 \u20ac Jahresbeitrag &#8222;F\u00f6rderndes Mitglied&#8220; \/ &#8222;Vollmitglied&#8220;: 70,00 \u20ac Jahresbeitrag &#8222;Anschlu\u00dfmitglied&#8220;: 35,00 \u20ac Jahresbeitrag &#8222;Jugendmitglied&#8220;: 20,00 \u20ac Jahresbeitrag Saisonliegeplatz: 160,00 \u20ac Jahresbeitrag Parkplatz: 10,00 \u20ac Jahresbeitrag Slipanlage: 20,00 \u20ac Jahresbeitrag Clubregatta: 10,00 \u20ac Die WVER-Saisonplaketten k\u00f6nnen &hellip; <a href=\"https:\/\/home.ssc-rursee.de\/?page_id=325\">Weiterlesen <span class=\"meta-nav\">&rarr;<\/span><\/a><\/p>\n","protected":false},"author":1,"featured_media":0,"parent":0,"menu_order":0,"comment_status":"closed","ping_status":"open","template":"","meta":{"footnotes":""},"class_list":["post-325","page","type-page","status-publish","hentry"],"_links":{"self":[{"href":"https:\/\/home.ssc-rursee.de\/index.php?rest_route=\/wp\/v2\/pages\/325","targetHints":{"allow":["GET"]}}],"collection":[{"href":"https:\/\/home.ssc-rursee.de\/index.php?rest_route=\/wp\/v2\/pages"}],"about":[{"href":"https:\/\/home.ssc-rursee.de\/index.php?rest_route=\/wp\/v2\/types\/page"}],"author":[{"embeddable":true,"href":"https:\/\/home.ssc-rursee.de\/index.php?rest_route=\/wp\/v2\/users\/1"}],"replies":[{"embeddable":true,"href":"https:\/\/home.ssc-rursee.de\/index.php?rest_route=%2Fwp%2Fv2%2Fcomments&post=325"}],"version-history":[{"count":45,"href":"https:\/\/home.ssc-rursee.de\/index.php?rest_route=\/wp\/v2\/pages\/325\/revisions"}],"predecessor-version":[{"id":834325,"href":"https:\/\/home.ssc-rursee.de\/index.php?rest_route=\/wp\/v2\/pages\/325\/revisions\/834325"}],"wp:attachment":[{"href":"https:\/\/home.ssc-rursee.de\/index.php?rest_route=%2Fwp%2Fv2%2Fmedia&parent=325"}],"curies":[{"name":"wp","href":"https:\/\/api.w.org\/{rel}","templated":true}]}}