{"id":39953,"date":"2013-06-04T10:31:54","date_gmt":"2013-06-04T08:31:54","guid":{"rendered":"http:\/\/home.ssc-rursee.de\/?page_id=39953"},"modified":"2026-04-19T13:55:32","modified_gmt":"2026-04-19T11:55:32","slug":"aktuell-2","status":"publish","type":"page","link":"https:\/\/home.ssc-rursee.de\/?page_id=39953","title":{"rendered":"Aktuell"},"content":{"rendered":"<div class=\"associated-posts title-excerpt-thumbnail\"><div class=\"associated-post\"><h2 class=\"post-title\"><a href=\"https:\/\/home.ssc-rursee.de\/?p=834385\" title=\"Aktuelle Termine\">Aktuelle Termine<\/a><\/h2><div class=\"post-excerpt\"><p>Liebe Segelfreunde, ihr findet die aktuellen Terminpl\u00e4ne im Mitgliederbereich unter Downloads. SSC Terminplan 2026 Terminplan Jugend 2026 Offene Arbeiten 2026 Stegplan 2026 Wir w\u00fcnschen einen sch\u00f6nen Start in die Saison.<\/p><\/div><\/div><div class=\"associated-post\"><h2 class=\"post-title\"><a href=\"https:\/\/home.ssc-rursee.de\/?p=834364\" title=\"Instandsetzung der Slipanlage abgeschlossen\">Instandsetzung der Slipanlage abgeschlossen<\/a><\/h2><div class=\"post-excerpt\"><p>Die Arbeiten an der Slipanlage sind erfolgreich abgeschlossen worden, sodass die Anlage nun wieder in Betrieb genommen werden konnte.<\/p><\/div><\/div><div class=\"associated-post\"><h2 class=\"post-title\"><a href=\"https:\/\/home.ssc-rursee.de\/?p=834351\" title=\"\u00c4nderung Freizeitordnung WVER\">\u00c4nderung Freizeitordnung WVER<\/a><\/h2><div class=\"post-excerpt\"><p>Der WVER hat eine ge\u00e4nderte Version der Freizeitordnung f\u00fcr die Rurtalsperre ver\u00f6ffentlicht. Sie ist g\u00fcltig ab 01.04.2025. Siehe WVER und im Mitgliederbereich.<\/p><\/div><\/div><div class=\"associated-post\"><h2 class=\"post-title\"><a href=\"https:\/\/home.ssc-rursee.de\/?p=834339\" title=\"Danksagung\">Danksagung<\/a><\/h2><div class=\"thumb-frame\"><a href=\"https:\/\/home.ssc-rursee.de\/?p=834339\" title=\"Danksagung\"><img src=\"https:\/\/home.ssc-rursee.de\/wp-content\/uploads\/2025\/03\/danksagung-ernst-150x150.png\" width=\"150\" height=\"150\" alt=\"Danksagung\" title=\"Danksagung\" class=\"thumb post-preview-image alignleft\"><\/a><\/div><div class=\"post-excerpt\"><p>Tief ber\u00fchrt von der Anteilnahme und den liebevollen Worten, die uns in dieser schweren Zeit erreicht haben, m\u00f6chten wir uns von Herzen bedanken. Eure tr\u00f6stenden Worte, Umarmungen und Gesten der Verbundenheit waren wie ein sicherer Hafen inmitten der Trauer. Wir &hellip; <a href=\"https:\/\/home.ssc-rursee.de\/?p=834339\">Weiterlesen <span class=\"meta-nav\">&rarr;<\/span><\/a><\/p><\/div><\/div><div class=\"associated-post\"><h2 class=\"post-title\"><a href=\"https:\/\/home.ssc-rursee.de\/?p=834309\" title=\"Wir trauern um\u2026\">Wir trauern um\u2026<\/a><\/h2><div class=\"post-excerpt\"><p>Eine \u00c4ra ist zu Ende. Mit dem Tod unseres Ehrenmitglieds Josefine Breuer verliert der SSC die letzte Teilnehmerin der Gr\u00fcndungsversammlung unseres Vereins. &nbsp; Wir hoffen das Ihre letzte Reise Sie zu sch\u00f6nen friedlichen Gefilden f\u00fchrt und w\u00fcnschen Ihren Kindern und &hellip; <a href=\"https:\/\/home.ssc-rursee.de\/?p=834309\">Weiterlesen <span class=\"meta-nav\">&rarr;<\/span><\/a><\/p><\/div><\/div><div class=\"associated-post\"><h2 class=\"post-title\"><a href=\"https:\/\/home.ssc-rursee.de\/?p=834301\" title=\"Wir trauern um&#8230;\">Wir trauern um&#8230;<\/a><\/h2><div class=\"thumb-frame\"><a href=\"https:\/\/home.ssc-rursee.de\/?p=834301\" title=\"Wir trauern um&#8230;\"><img src=\"https:\/\/home.ssc-rursee.de\/wp-content\/uploads\/2024\/12\/Todesanzeige-Ernst-1-150x150.png\" width=\"150\" height=\"150\" alt=\"Wir trauern um&#8230;\" title=\"Wir trauern um&#8230;\" class=\"thumb post-preview-image alignleft\"><\/a><\/div><div class=\"post-excerpt\"><p>Mit tiefer Betroffenheit informieren wir \u00fcber den Tod unseres Segelkameraden und Vorstandskollegen Ernst Reimer. Ernst verstarb nach kurzer unerwarteter Krankheit am 17.Dez. 2024. Wir verlieren eine pr\u00e4gende Pers\u00f6nlichkeit im Verein und einen unserer aktivsten Segler. Wir w\u00fcnschen Helga, Ihren T\u00f6chtern &hellip; <a href=\"https:\/\/home.ssc-rursee.de\/?p=834301\">Weiterlesen <span class=\"meta-nav\">&rarr;<\/span><\/a><\/p><\/div><\/div><div class=\"associated-post\"><h2 class=\"post-title\"><a href=\"https:\/\/home.ssc-rursee.de\/?p=834208\" title=\"Wasserrettung DLRG\">Wasserrettung DLRG<\/a><\/h2><div class=\"post-excerpt\"><p>Sehr geehrte Damen und Herren, liebe Wassersportlerinnen und Wassersportler, am 27.03.2024 hat die Aachener Zeitung einen Artikel \u00fcber die DLRG heraus gegeben mit dem Titel \u201eEhrenamtler k\u00f6nnen Wasserrettung nicht mehr stemmen&#8220;. Diesen Artikel finden sie auch zum Nachlesen im Anhang. &hellip; <a href=\"https:\/\/home.ssc-rursee.de\/?p=834208\">Weiterlesen <span class=\"meta-nav\">&rarr;<\/span><\/a><\/p><\/div><\/div><\/div>\n","protected":false},"excerpt":{"rendered":"<p>Aktuelle TermineLiebe Segelfreunde, ihr findet die aktuellen Terminpl\u00e4ne im Mitgliederbereich unter Downloads. SSC Terminplan 2026 Terminplan Jugend 2026 Offene Arbeiten 2026 Stegplan 2026 Wir w\u00fcnschen einen sch\u00f6nen Start in die Saison.Instandsetzung der Slipanlage abgeschlossenDie Arbeiten an der Slipanlage sind erfolgreich &hellip; <a href=\"https:\/\/home.ssc-rursee.de\/?page_id=39953\">Weiterlesen <span class=\"meta-nav\">&rarr;<\/span><\/a><\/p>\n","protected":false},"author":1,"featured_media":0,"parent":0,"menu_order":0,"comment_status":"closed","ping_status":"closed","template":"","meta":{"footnotes":""},"class_list":["post-39953","page","type-page","status-publish","hentry"],"_links":{"self":[{"href":"https:\/\/home.ssc-rursee.de\/index.php?rest_route=\/wp\/v2\/pages\/39953","targetHints":{"allow":["GET"]}}],"collection":[{"href":"https:\/\/home.ssc-rursee.de\/index.php?rest_route=\/wp\/v2\/pages"}],"about":[{"href":"https:\/\/home.ssc-rursee.de\/index.php?rest_route=\/wp\/v2\/types\/page"}],"author":[{"embeddable":true,"href":"https:\/\/home.ssc-rursee.de\/index.php?rest_route=\/wp\/v2\/users\/1"}],"replies":[{"embeddable":true,"href":"https:\/\/home.ssc-rursee.de\/index.php?rest_route=%2Fwp%2Fv2%2Fcomments&post=39953"}],"version-history":[{"count":13,"href":"https:\/\/home.ssc-rursee.de\/index.php?rest_route=\/wp\/v2\/pages\/39953\/revisions"}],"predecessor-version":[{"id":40046,"href":"https:\/\/home.ssc-rursee.de\/index.php?rest_route=\/wp\/v2\/pages\/39953\/revisions\/40046"}],"wp:attachment":[{"href":"https:\/\/home.ssc-rursee.de\/index.php?rest_route=%2Fwp%2Fv2%2Fmedia&parent=39953"}],"curies":[{"name":"wp","href":"https:\/\/api.w.org\/{rel}","templated":true}]}}