{"id":55,"date":"2013-03-26T22:32:25","date_gmt":"2013-03-26T22:32:25","guid":{"rendered":"http:\/\/home.ssc-rursee.de\/?page_id=55"},"modified":"2024-07-02T07:26:49","modified_gmt":"2024-07-02T05:26:49","slug":"impressum","status":"publish","type":"page","link":"https:\/\/home.ssc-rursee.de\/?page_id=55","title":{"rendered":"Impressum \/ Kontakt"},"content":{"rendered":"<p><strong>Schwammenaueler Segler-Club am Rursee e. V.<br \/>\n<\/strong>Odemshofallee 14<br \/>\n50859 K\u00f6ln<\/p>\n<p>Telefon: (0 22 34) 69 31 01<br \/>\nE-Mail: geschaeftsstelle (\u00e4t) ssc-rursee.de<br \/>\nInternet: www.ssc-rursee.de<\/p>\n<p>Vertretungsberechtigter Vorstand:<br \/>\nClaus Eichinger, 1. Vorsitzender, vorsitzender (\u00e4t) ssc-rursee.de<br \/>\nHubertus von Abercron, 2. Vorsitzender, vorsitzender2 (\u00e4t) ssc-rursee.de<\/p>\n<p>Registergericht: Amtsgericht D\u00fcren<br \/>\nRegisternummer: VR 731<\/p>\n<p>Inhaltlich Verantwortlicher gem. \u00a7 55 II RStV:<br \/>\nNorbert B\u00f6ll, Gesch\u00e4ftsf\u00fchrer, geschaeftsstelle (\u00e4t) ssc-rursee.de<\/p>\n<p><strong>Rechtliche Hinweise<br \/>\n<\/strong>Haftungsausschlu\u00df:<br \/>\nTrotz sorgf\u00e4ltiger inhaltlicher Kontrolle \u00fcbernehmen wir keine Haftung f\u00fcr die Inhalte externer Links. F\u00fcr den Inhalt der verlinkten Seiten sind ausschlie\u00dflich deren Betreiber verantwortlich.<\/p>\n\n","protected":false},"excerpt":{"rendered":"<p>Schwammenaueler Segler-Club am Rursee e. V. Odemshofallee 14 50859 K\u00f6ln Telefon: (0 22 34) 69 31 01 E-Mail: geschaeftsstelle (\u00e4t) ssc-rursee.de Internet: www.ssc-rursee.de Vertretungsberechtigter Vorstand: Claus Eichinger, 1. Vorsitzender, vorsitzender (\u00e4t) ssc-rursee.de Hubertus von Abercron, 2. Vorsitzender, vorsitzender2 (\u00e4t) ssc-rursee.de &hellip; <a href=\"https:\/\/home.ssc-rursee.de\/?page_id=55\">Weiterlesen <span class=\"meta-nav\">&rarr;<\/span><\/a><\/p>\n","protected":false},"author":1,"featured_media":0,"parent":0,"menu_order":0,"comment_status":"closed","ping_status":"open","template":"","meta":{"footnotes":""},"class_list":["post-55","page","type-page","status-publish","hentry"],"_links":{"self":[{"href":"https:\/\/home.ssc-rursee.de\/index.php?rest_route=\/wp\/v2\/pages\/55","targetHints":{"allow":["GET"]}}],"collection":[{"href":"https:\/\/home.ssc-rursee.de\/index.php?rest_route=\/wp\/v2\/pages"}],"about":[{"href":"https:\/\/home.ssc-rursee.de\/index.php?rest_route=\/wp\/v2\/types\/page"}],"author":[{"embeddable":true,"href":"https:\/\/home.ssc-rursee.de\/index.php?rest_route=\/wp\/v2\/users\/1"}],"replies":[{"embeddable":true,"href":"https:\/\/home.ssc-rursee.de\/index.php?rest_route=%2Fwp%2Fv2%2Fcomments&post=55"}],"version-history":[{"count":20,"href":"https:\/\/home.ssc-rursee.de\/index.php?rest_route=\/wp\/v2\/pages\/55\/revisions"}],"predecessor-version":[{"id":834254,"href":"https:\/\/home.ssc-rursee.de\/index.php?rest_route=\/wp\/v2\/pages\/55\/revisions\/834254"}],"wp:attachment":[{"href":"https:\/\/home.ssc-rursee.de\/index.php?rest_route=%2Fwp%2Fv2%2Fmedia&parent=55"}],"curies":[{"name":"wp","href":"https:\/\/api.w.org\/{rel}","templated":true}]}}